{"id":440,"date":"2018-05-01T07:47:46","date_gmt":"2018-05-01T07:47:46","guid":{"rendered":"http:\/\/demo.qkthemes.net\/genix\/?page_id=440"},"modified":"2021-04-24T09:12:31","modified_gmt":"2021-04-24T09:12:31","slug":"iletisim","status":"publish","type":"page","link":"https:\/\/mineerkan.com\/index.php\/iletisim\/","title":{"rendered":"\u0130LET\u0130\u015e\u0130M"},"content":{"rendered":"\t\t<div data-elementor-type=\"wp-post\" data-elementor-id=\"440\" class=\"elementor elementor-440\" data-elementor-settings=\"[]\">\n\t\t\t\t\t\t<div class=\"elementor-inner\">\n\t\t\t\t\t\t\t<div class=\"elementor-section-wrap\">\n\t\t\t\t\t\t\t<section class=\"elementor-section elementor-top-section elementor-element elementor-element-c534cb1 elementor-section-full_width elementor-section-height-default elementor-section-height-default\" data-id=\"c534cb1\" data-element_type=\"section\">\n\t\t\t\t\t\t<div class=\"elementor-container elementor-column-gap-no\">\n\t\t\t\t\t\t\t<div class=\"elementor-row\">\n\t\t\t\t\t<div class=\"elementor-column elementor-col-100 elementor-top-column elementor-element elementor-element-45d73cb\" data-id=\"45d73cb\" data-element_type=\"column\">\n\t\t\t<div class=\"elementor-column-wrap elementor-element-populated\">\n\t\t\t\t\t\t\t<div class=\"elementor-widget-wrap\">\n\t\t\t\t\t\t<div class=\"elementor-element elementor-element-e785b6a elementor-widget elementor-widget-google_maps\" data-id=\"e785b6a\" data-element_type=\"widget\" data-widget_type=\"google_maps.default\">\n\t\t\t\t<div class=\"elementor-widget-container\">\n\t\t\t<div class=\"elementor-custom-embed\"><iframe frameborder=\"0\" scrolling=\"no\" marginheight=\"0\" marginwidth=\"0\" src=\"https:\/\/maps.google.com\/maps?q=Emaar%20Square%2C%20%C4%B0stanbul&amp;t=m&amp;z=13&amp;output=embed&amp;iwloc=near\" title=\"Emaar Square, \u0130stanbul\" aria-label=\"Emaar Square, \u0130stanbul\"><\/iframe><\/div>\t\t<\/div>\n\t\t\t\t<\/div>\n\t\t\t\t\t\t<\/div>\n\t\t\t\t\t<\/div>\n\t\t<\/div>\n\t\t\t\t\t\t\t\t<\/div>\n\t\t\t\t\t<\/div>\n\t\t<\/section>\n\t\t\t\t<section class=\"elementor-section elementor-top-section elementor-element elementor-element-553d26f contact-form-section elementor-section-boxed elementor-section-height-default elementor-section-height-default\" data-id=\"553d26f\" data-element_type=\"section\">\n\t\t\t\t\t\t<div class=\"elementor-container elementor-column-gap-default\">\n\t\t\t\t\t\t\t<div class=\"elementor-row\">\n\t\t\t\t\t<div class=\"elementor-column elementor-col-100 elementor-top-column elementor-element elementor-element-50ef41e\" data-id=\"50ef41e\" data-element_type=\"column\">\n\t\t\t<div class=\"elementor-column-wrap elementor-element-populated\">\n\t\t\t\t\t\t\t<div class=\"elementor-widget-wrap\">\n\t\t\t\t\t\t<div class=\"elementor-element elementor-element-dfab98f elementor-widget elementor-widget-html\" data-id=\"dfab98f\" data-element_type=\"widget\" data-widget_type=\"html.default\">\n\t\t\t\t<div class=\"elementor-widget-container\">\n\t\t\t<div class=\"info-box address\">\n\t<h2>\u0130leti\u015fim Bilgileri<\/h2>\n    <h5>Bize ula\u015fmak i\u00e7in a\u015fa\u011f\u0131daki e-posta linkine t\u0131klayabilir yada mine(at)mineerkan.com adresine email atabilirsiniz.<\/h5>\n\t<p>\n\t\t<span aria-hidden=\"true\" class=\"icon_pin_alt\"><\/span> \n\t\t\u00dcnalan Mahallesi, Libadiye Caddesi, Emaar Square No:82, \u00dcsk\u00fcdar, \u0130stanbul\n\t<\/p>\n\n\t<p>\n\n\t\t\n\t\t\t<span aria-hidden=\"true\" class=\"icon_mail_alt\"><\/span>\n\t<a href=\"mailto:mine@mineerkan.com\">mine(at)mineerkan.com<\/a>\n\t<br>\n\n\t\n\t\n\t<\/p>\n<\/div>\t\t<\/div>\n\t\t\t\t<\/div>\n\t\t\t\t\t\t<\/div>\n\t\t\t\t\t<\/div>\n\t\t<\/div>\n\t\t\t\t\t\t\t\t<\/div>\n\t\t\t\t\t<\/div>\n\t\t<\/section>\n\t\t\t\t\t\t<\/div>\n\t\t\t\t\t\t<\/div>\n\t\t\t\t\t<\/div>\n\t\t","protected":false},"excerpt":{"rendered":"<p>\u0130leti\u015fim Bilgileri Bize ula\u015fmak i\u00e7in a\u015fa\u011f\u0131daki e-posta linkine t\u0131klayabilir yada mine(at)mineerkan.com adresine email atabilirsiniz. \u00dcnalan Mahallesi, Libadiye Caddesi, Emaar Square No:82, \u00dcsk\u00fcdar, \u0130stanbul mine(at)mineerkan.com<\/p>\n","protected":false},"author":1,"featured_media":0,"parent":0,"menu_order":0,"comment_status":"closed","ping_status":"closed","template":"","meta":[],"_links":{"self":[{"href":"https:\/\/mineerkan.com\/index.php\/wp-json\/wp\/v2\/pages\/440"}],"collection":[{"href":"https:\/\/mineerkan.com\/index.php\/wp-json\/wp\/v2\/pages"}],"about":[{"href":"https:\/\/mineerkan.com\/index.php\/wp-json\/wp\/v2\/types\/page"}],"author":[{"embeddable":true,"href":"https:\/\/mineerkan.com\/index.php\/wp-json\/wp\/v2\/users\/1"}],"replies":[{"embeddable":true,"href":"https:\/\/mineerkan.com\/index.php\/wp-json\/wp\/v2\/comments?post=440"}],"version-history":[{"count":34,"href":"https:\/\/mineerkan.com\/index.php\/wp-json\/wp\/v2\/pages\/440\/revisions"}],"predecessor-version":[{"id":1118,"href":"https:\/\/mineerkan.com\/index.php\/wp-json\/wp\/v2\/pages\/440\/revisions\/1118"}],"wp:attachment":[{"href":"https:\/\/mineerkan.com\/index.php\/wp-json\/wp\/v2\/media?parent=440"}],"curies":[{"name":"wp","href":"https:\/\/api.w.org\/{rel}","templated":true}]}}