{"id":343,"date":"2018-04-30T08:34:21","date_gmt":"2018-04-30T08:34:21","guid":{"rendered":"http:\/\/demo.qkthemes.net\/genix\/?page_id=343"},"modified":"2023-12-03T17:17:25","modified_gmt":"2023-12-03T17:17:25","slug":"hakkimda","status":"publish","type":"page","link":"https:\/\/mineerkan.com\/index.php\/hakkimda\/","title":{"rendered":"Hakk\u0131mda"},"content":{"rendered":"<p style=\"text-align: left;\"><span style=\"vertical-align: inherit;\"><span style=\"vertical-align: inherit;\">Mimar Sinan \u00dcniversitesi Sahne Dekor Kost\u00fcm Tasar\u0131m\u0131ndan mezun oldum. <\/span><span style=\"vertical-align: inherit;\">2001 y\u0131l\u0131nda New Vision Studio\/NY (Joe Weishar) ve &#8216;G\u00f6rsel Ma\u011fazac\u0131l\u0131k&#8217; e\u011fitimini sat\u0131n ald\u0131m. <\/span><\/span><br \/>\n<span style=\"vertical-align: inherit;\"><span style=\"vertical-align: inherit;\">30 y\u0131l G\u00f6rsel Ma\u011fazac\u0131l\u0131k alan\u0131nda \u00e7al\u0131\u015f\u0131yorum.15 y\u0131l kurumsal \u00e7al\u0131\u015fmadan sonra 15 y\u0131l dan\u0131\u015fman, e\u011fitmen ve tasar\u0131mc\u0131 olarak \u00e7al\u0131\u015fmaktay\u0131m.<\/span><\/span><\/p>\n<p><span style=\"vertical-align: inherit;\"><span style=\"vertical-align: inherit;\">Kurumsal olarak g\u00f6rsel ma\u011fazac\u0131l\u0131k alan\u0131nda tasar\u0131mc\u0131 ve y\u00f6netim olarak b\u00fcy\u00fck \u015firketler, Vakko, Monev, Persan, Boyner, Beymen, Harvey Nichols&#8217;d\u0131r. <\/span><\/span><br \/>\n<span style=\"vertical-align: inherit;\"><span style=\"vertical-align: inherit;\">2010 y\u0131l\u0131nda \u0130stanbul Moda Akademisi (IMA) i\u015fbirli\u011fi ile 3 ay s\u00fcren &#8216;G\u00f6rsel Ma\u011fazac\u0131l\u0131k ve Vitrin Tasar\u0131m\u0131 Sertifika Program\u0131&#8217; e\u011fitimine ba\u015fland\u0131. <\/span><span style=\"vertical-align: inherit;\">T\u00fcrkiye&#8217;de bu alanda ilk sertifika program\u0131d\u0131r. <\/span><span style=\"vertical-align: inherit;\">Bu e\u011fitimin kurucular\u0131ndan\u0131m, halen ana e\u011fitmenim ve y\u00f6neticisiyim.<\/span><\/span><\/p>\n<p><span style=\"vertical-align: inherit;\"><span style=\"vertical-align: inherit;\">G\u00f6rsel Ma\u011fazac\u0131l\u0131k e\u011fitim programlar\u0131; <\/span><span style=\"vertical-align: inherit;\">\u0130stanbul Moda Akademisi (2010&#8217;dan beri) Santral \u0130stanbul, Bilgi \u00fcniversitesi (2010); <\/span><span style=\"vertical-align: inherit;\">Eski\u015fehir Ticaret Odas\u0131 (2012), Yalova K\u0131z Meslek Lisesi (2012), Ankara Giyim Sanayicileri Odas\u0131(2015), U\u015fak Ticaret Odas\u0131 (2018-2021) \u0130neg\u00f6l Musiad (2020-2022) Y\u0131ld\u0131z Geli\u015fim (2012&#8217;den beri) Saloni mobilya (2022) )) Weltew home (2023), \u00c7orlu Ticaret ve Sanayi Odas\u0131 (2023)<\/span><\/span><\/p>\n<p><span style=\"vertical-align: inherit;\"><span style=\"vertical-align: inherit;\">G\u00f6rsel dan\u0131\u015fmanl\u0131k hizmetleri baz\u0131 markalar\u0131; <\/span><span style=\"vertical-align: inherit;\">Damat, Armaggan, Watsons, Perspective, Tailord, Hatemo\u011flu, Saray muhallebicisi, \u0130stikbal, Bellona, \u200b\u200bTar\u0131k Ediz, Biev, Bella Maison, Penti, Loris parf\u00fcm, Lion Diamond, Serge (\u0130ran)<\/span><\/span><\/p>\n<p><span style=\"vertical-align: inherit;\"><span style=\"vertical-align: inherit;\">Sayg\u0131lar\u0131mla,<\/span><\/span><\/p>\n<p><span style=\"vertical-align: inherit;\"><span style=\"vertical-align: inherit;\">Mine Erkan<\/span><\/span><\/p>\n","protected":false},"excerpt":{"rendered":"<p>Mimar Sinan \u00dcniversitesi Sahne Dekor Kost\u00fcm Tasar\u0131m\u0131ndan mezun oldum. 2001 y\u0131l\u0131nda New Vision Studio\/NY (Joe Weishar) ve &#8216;G\u00f6rsel Ma\u011fazac\u0131l\u0131k&#8217; e\u011fitimini sat\u0131n ald\u0131m. 30 y\u0131l G\u00f6rsel Ma\u011fazac\u0131l\u0131k alan\u0131nda \u00e7al\u0131\u015f\u0131yorum.15 y\u0131l kurumsal \u00e7al\u0131\u015fmadan sonra 15 y\u0131l dan\u0131\u015fman, e\u011fitmen ve tasar\u0131mc\u0131 olarak \u00e7al\u0131\u015fmaktay\u0131m. Kurumsal olarak g\u00f6rsel ma\u011fazac\u0131l\u0131k alan\u0131nda tasar\u0131mc\u0131 ve y\u00f6netim olarak b\u00fcy\u00fck \u015firketler, Vakko, Monev, Persan, Boyner, [&hellip;]<\/p>\n","protected":false},"author":1,"featured_media":1108,"parent":0,"menu_order":0,"comment_status":"closed","ping_status":"closed","template":"","meta":[],"_links":{"self":[{"href":"https:\/\/mineerkan.com\/index.php\/wp-json\/wp\/v2\/pages\/343"}],"collection":[{"href":"https:\/\/mineerkan.com\/index.php\/wp-json\/wp\/v2\/pages"}],"about":[{"href":"https:\/\/mineerkan.com\/index.php\/wp-json\/wp\/v2\/types\/page"}],"author":[{"embeddable":true,"href":"https:\/\/mineerkan.com\/index.php\/wp-json\/wp\/v2\/users\/1"}],"replies":[{"embeddable":true,"href":"https:\/\/mineerkan.com\/index.php\/wp-json\/wp\/v2\/comments?post=343"}],"version-history":[{"count":45,"href":"https:\/\/mineerkan.com\/index.php\/wp-json\/wp\/v2\/pages\/343\/revisions"}],"predecessor-version":[{"id":1160,"href":"https:\/\/mineerkan.com\/index.php\/wp-json\/wp\/v2\/pages\/343\/revisions\/1160"}],"wp:featuredmedia":[{"embeddable":true,"href":"https:\/\/mineerkan.com\/index.php\/wp-json\/wp\/v2\/media\/1108"}],"wp:attachment":[{"href":"https:\/\/mineerkan.com\/index.php\/wp-json\/wp\/v2\/media?parent=343"}],"curies":[{"name":"wp","href":"https:\/\/api.w.org\/{rel}","templated":true}]}}